{"id":465,"date":"2021-11-04T16:20:24","date_gmt":"2021-11-04T16:20:24","guid":{"rendered":"https:\/\/interwebgdl.com\/?page_id=465"},"modified":"2022-10-05T17:30:25","modified_gmt":"2022-10-05T17:30:25","slug":"portafolio-paginas-web-guadalajara","status":"publish","type":"page","link":"https:\/\/interwebgdl.com\/?page_id=465","title":{"rendered":"PORTAFOLIO"},"content":{"rendered":"<p>[et_pb_section fb_built=\u00bb1&#8243; fullwidth=\u00bbon\u00bb _builder_version=\u00bb4.16&#8243; _module_preset=\u00bbdefault\u00bb background_enable_image=\u00bboff\u00bb background_size=\u00bbinitial\u00bb bottom_divider_color=\u00bb#ffffff\u00bb locked=\u00bboff\u00bb global_colors_info=\u00bb{}\u00bb][et_pb_fullwidth_slider _builder_version=\u00bb4.16&#8243; _module_preset=\u00bbdefault\u00bb header_font=\u00bbRaleway|800|||||||\u00bb header_text_align=\u00bbcenter\u00bb header_font_size=\u00bb65px\u00bb header_line_height=\u00bb1.2em\u00bb header_font_size_tablet=\u00bb50px\u00bb header_font_size_phone=\u00bb37px\u00bb header_font_size_last_edited=\u00bbon|phone\u00bb header_text_shadow_style=\u00bbpreset4&#8243; header_text_shadow_color=\u00bb#313140&#8243; global_colors_info=\u00bb{}\u00bb][et_pb_slide heading=\u00bbCLIENTES QUE CONFIAN EN NOSOTROS\u00bb use_bg_overlay=\u00bbon\u00bb bg_overlay_color=\u00bbrgba(31,40,40,0.24)\u00bb _builder_version=\u00bb4.16&#8243; _module_preset=\u00bbdefault\u00bb header_font_size=\u00bb78px\u00bb background_image=\u00bbhttps:\/\/interwebgdl.com\/wp-content\/uploads\/2021\/11\/banner-contacto.jpg\u00bb background_enable_image=\u00bbon\u00bb header_font_size_tablet=\u00bb47px\u00bb header_font_size_phone=\u00bb36px\u00bb header_font_size_last_edited=\u00bbon|phone\u00bb global_colors_info=\u00bb{}\u00bb sticky_transition=\u00bbon\u00bb][\/et_pb_slide][\/et_pb_fullwidth_slider][\/et_pb_section][et_pb_section fb_built=\u00bb1&#8243; _builder_version=\u00bb4.16&#8243; _module_preset=\u00bbdefault\u00bb background_color=\u00bb#f5f5f5&#8243; background_enable_image=\u00bboff\u00bb parallax=\u00bbon\u00bb custom_margin=\u00bb0px||||false|false\u00bb custom_margin_tablet=\u00bb\u00bb custom_margin_phone=\u00bb\u00bb custom_margin_last_edited=\u00bbon|tablet\u00bb custom_padding=\u00bb0px||0px||false|false\u00bb locked=\u00bboff\u00bb global_colors_info=\u00bb{}\u00bb][et_pb_row _builder_version=\u00bb4.16&#8243; _module_preset=\u00bbdefault\u00bb global_colors_info=\u00bb{}\u00bb][et_pb_column type=\u00bb4_4&#8243; _builder_version=\u00bb4.16&#8243; _module_preset=\u00bbdefault\u00bb global_colors_info=\u00bb{}\u00bb][et_pb_text _builder_version=\u00bb4.16&#8243; _module_preset=\u00bbdefault\u00bb text_font=\u00bbLato|500|||||||\u00bb text_text_color=\u00bb#313140&#8243; text_font_size=\u00bb25px\u00bb text_line_height=\u00bb1.3em\u00bb header_font=\u00bbRaleway||||||||\u00bb text_orientation=\u00bbcenter\u00bb text_font_size_tablet=\u00bb23px\u00bb text_font_size_phone=\u00bb14px\u00bb text_font_size_last_edited=\u00bbon|phone\u00bb global_colors_info=\u00bb{}\u00bb]<\/p>\n<p>Proyectos realizados por Interwebgdl<\/p>\n<p>[\/et_pb_text][\/et_pb_column][\/et_pb_row][\/et_pb_section][et_pb_section fb_built=\u00bb1&#8243; _builder_version=\u00bb4.16&#8243; _module_preset=\u00bbdefault\u00bb global_colors_info=\u00bb{}\u00bb][et_pb_row _builder_version=\u00bb4.16&#8243; _module_preset=\u00bbdefault\u00bb width=\u00bb90%\u00bb max_width=\u00bb1980px\u00bb global_colors_info=\u00bb{}\u00bb][et_pb_column type=\u00bb4_4&#8243; _builder_version=\u00bb4.16&#8243; _module_preset=\u00bbdefault\u00bb global_colors_info=\u00bb{}\u00bb][et_pb_portfolio fullwidth=\u00bboff\u00bb posts_number=\u00bb100&#8243; include_categories=\u00bball\u00bb show_categories=\u00bboff\u00bb show_pagination=\u00bboff\u00bb _builder_version=\u00bb4.18.0&#8243; _module_preset=\u00bbdefault\u00bb title_font=\u00bbLato||||||||\u00bb title_text_align=\u00bbcenter\u00bb hover_enabled=\u00bb0&#8243; border_radii_image=\u00bbon|3px|3px|3px|3px\u00bb border_width_all_image=\u00bb1px\u00bb border_color_all_image=\u00bbrgba(51,51,51,0.39)\u00bb box_shadow_style_image=\u00bbpreset1&#8243; global_colors_info=\u00bb{}\u00bb custom_padding=\u00bb0px|||0px|false|false\u00bb sticky_enabled=\u00bb0&#8243; module_alignment=\u00bbcenter\u00bb max_width=\u00bb100%\u00bb width=\u00bb100%\u00bb][\/et_pb_portfolio][\/et_pb_column][\/et_pb_row][\/et_pb_section]<\/p>\n","protected":false},"excerpt":{"rendered":"<p>Proyectos realizados por Interwebgdl<\/p>\n","protected":false},"author":3,"featured_media":0,"parent":0,"menu_order":0,"comment_status":"closed","ping_status":"closed","template":"","meta":{"_et_pb_use_builder":"on","_et_pb_old_content":"","_et_gb_content_width":"","footnotes":""},"class_list":["post-465","page","type-page","status-publish","hentry"],"yoast_head":"<!-- This site is optimized with the Yoast SEO plugin v27.5 - https:\/\/yoast.com\/product\/yoast-seo-wordpress\/ -->\n<title>Portafolio de P\u00e1ginas Web Guadalajara<\/title>\n<meta name=\"description\" content=\"Ejemplos de p\u00e1ginas web Guadalajara, portafolio de proyectos de p\u00e1ginas web en Guadalajara, publicidad por Google ads\" \/>\n<meta name=\"robots\" content=\"index, follow, max-snippet:-1, max-image-preview:large, max-video-preview:-1\" \/>\n<link rel=\"canonical\" href=\"https:\/\/interwebgdl.com\/portafolio-paginas-web-guadalajara\/\" \/>\n<meta property=\"og:locale\" content=\"es_ES\" \/>\n<meta property=\"og:type\" content=\"article\" \/>\n<meta property=\"og:title\" content=\"Portafolio de P\u00e1ginas Web Guadalajara\" \/>\n<meta property=\"og:description\" content=\"Ejemplos de p\u00e1ginas web Guadalajara, portafolio de proyectos de p\u00e1ginas web en Guadalajara, publicidad por Google ads\" \/>\n<meta property=\"og:url\" content=\"https:\/\/interwebgdl.com\/portafolio-paginas-web-guadalajara\/\" \/>\n<meta property=\"og:site_name\" content=\"InterWebGDL\" \/>\n<meta property=\"article:modified_time\" content=\"2022-10-05T17:30:25+00:00\" \/>\n<meta name=\"twitter:card\" content=\"summary_large_image\" \/>\n<meta name=\"twitter:label1\" content=\"Tiempo de lectura\" \/>\n\t<meta name=\"twitter:data1\" content=\"1 minuto\" \/>\n<script type=\"application\/ld+json\" class=\"yoast-schema-graph\">{\"@context\":\"https:\\\/\\\/schema.org\",\"@graph\":[{\"@type\":\"WebPage\",\"@id\":\"https:\\\/\\\/interwebgdl.com\\\/portafolio-paginas-web-guadalajara\\\/\",\"url\":\"https:\\\/\\\/interwebgdl.com\\\/portafolio-paginas-web-guadalajara\\\/\",\"name\":\"Portafolio de P\u00e1ginas Web Guadalajara\",\"isPartOf\":{\"@id\":\"https:\\\/\\\/interwebgdl.com\\\/#website\"},\"datePublished\":\"2021-11-04T16:20:24+00:00\",\"dateModified\":\"2022-10-05T17:30:25+00:00\",\"description\":\"Ejemplos de p\u00e1ginas web Guadalajara, portafolio de proyectos de p\u00e1ginas web en Guadalajara, publicidad por Google ads\",\"breadcrumb\":{\"@id\":\"https:\\\/\\\/interwebgdl.com\\\/portafolio-paginas-web-guadalajara\\\/#breadcrumb\"},\"inLanguage\":\"es\",\"potentialAction\":[{\"@type\":\"ReadAction\",\"target\":[\"https:\\\/\\\/interwebgdl.com\\\/portafolio-paginas-web-guadalajara\\\/\"]}]},{\"@type\":\"BreadcrumbList\",\"@id\":\"https:\\\/\\\/interwebgdl.com\\\/portafolio-paginas-web-guadalajara\\\/#breadcrumb\",\"itemListElement\":[{\"@type\":\"ListItem\",\"position\":1,\"name\":\"Portada\",\"item\":\"https:\\\/\\\/interwebgdl.com\\\/\"},{\"@type\":\"ListItem\",\"position\":2,\"name\":\"PORTAFOLIO\"}]},{\"@type\":\"WebSite\",\"@id\":\"https:\\\/\\\/interwebgdl.com\\\/#website\",\"url\":\"https:\\\/\\\/interwebgdl.com\\\/\",\"name\":\"InterWebGDL\",\"description\":\"Desarrollo Web &amp; Marketing\",\"potentialAction\":[{\"@type\":\"SearchAction\",\"target\":{\"@type\":\"EntryPoint\",\"urlTemplate\":\"https:\\\/\\\/interwebgdl.com\\\/?s={search_term_string}\"},\"query-input\":{\"@type\":\"PropertyValueSpecification\",\"valueRequired\":true,\"valueName\":\"search_term_string\"}}],\"inLanguage\":\"es\"}]}<\/script>\n<!-- \/ Yoast SEO plugin. -->","yoast_head_json":{"title":"Portafolio de P\u00e1ginas Web Guadalajara","description":"Ejemplos de p\u00e1ginas web Guadalajara, portafolio de proyectos de p\u00e1ginas web en Guadalajara, publicidad por Google ads","robots":{"index":"index","follow":"follow","max-snippet":"max-snippet:-1","max-image-preview":"max-image-preview:large","max-video-preview":"max-video-preview:-1"},"canonical":"https:\/\/interwebgdl.com\/portafolio-paginas-web-guadalajara\/","og_locale":"es_ES","og_type":"article","og_title":"Portafolio de P\u00e1ginas Web Guadalajara","og_description":"Ejemplos de p\u00e1ginas web Guadalajara, portafolio de proyectos de p\u00e1ginas web en Guadalajara, publicidad por Google ads","og_url":"https:\/\/interwebgdl.com\/portafolio-paginas-web-guadalajara\/","og_site_name":"InterWebGDL","article_modified_time":"2022-10-05T17:30:25+00:00","twitter_card":"summary_large_image","twitter_misc":{"Tiempo de lectura":"1 minuto"},"schema":{"@context":"https:\/\/schema.org","@graph":[{"@type":"WebPage","@id":"https:\/\/interwebgdl.com\/portafolio-paginas-web-guadalajara\/","url":"https:\/\/interwebgdl.com\/portafolio-paginas-web-guadalajara\/","name":"Portafolio de P\u00e1ginas Web Guadalajara","isPartOf":{"@id":"https:\/\/interwebgdl.com\/#website"},"datePublished":"2021-11-04T16:20:24+00:00","dateModified":"2022-10-05T17:30:25+00:00","description":"Ejemplos de p\u00e1ginas web Guadalajara, portafolio de proyectos de p\u00e1ginas web en Guadalajara, publicidad por Google ads","breadcrumb":{"@id":"https:\/\/interwebgdl.com\/portafolio-paginas-web-guadalajara\/#breadcrumb"},"inLanguage":"es","potentialAction":[{"@type":"ReadAction","target":["https:\/\/interwebgdl.com\/portafolio-paginas-web-guadalajara\/"]}]},{"@type":"BreadcrumbList","@id":"https:\/\/interwebgdl.com\/portafolio-paginas-web-guadalajara\/#breadcrumb","itemListElement":[{"@type":"ListItem","position":1,"name":"Portada","item":"https:\/\/interwebgdl.com\/"},{"@type":"ListItem","position":2,"name":"PORTAFOLIO"}]},{"@type":"WebSite","@id":"https:\/\/interwebgdl.com\/#website","url":"https:\/\/interwebgdl.com\/","name":"InterWebGDL","description":"Desarrollo Web &amp; Marketing","potentialAction":[{"@type":"SearchAction","target":{"@type":"EntryPoint","urlTemplate":"https:\/\/interwebgdl.com\/?s={search_term_string}"},"query-input":{"@type":"PropertyValueSpecification","valueRequired":true,"valueName":"search_term_string"}}],"inLanguage":"es"}]}},"_links":{"self":[{"href":"https:\/\/interwebgdl.com\/index.php?rest_route=\/wp\/v2\/pages\/465","targetHints":{"allow":["GET"]}}],"collection":[{"href":"https:\/\/interwebgdl.com\/index.php?rest_route=\/wp\/v2\/pages"}],"about":[{"href":"https:\/\/interwebgdl.com\/index.php?rest_route=\/wp\/v2\/types\/page"}],"author":[{"embeddable":true,"href":"https:\/\/interwebgdl.com\/index.php?rest_route=\/wp\/v2\/users\/3"}],"replies":[{"embeddable":true,"href":"https:\/\/interwebgdl.com\/index.php?rest_route=%2Fwp%2Fv2%2Fcomments&post=465"}],"version-history":[{"count":5,"href":"https:\/\/interwebgdl.com\/index.php?rest_route=\/wp\/v2\/pages\/465\/revisions"}],"predecessor-version":[{"id":941,"href":"https:\/\/interwebgdl.com\/index.php?rest_route=\/wp\/v2\/pages\/465\/revisions\/941"}],"wp:attachment":[{"href":"https:\/\/interwebgdl.com\/index.php?rest_route=%2Fwp%2Fv2%2Fmedia&parent=465"}],"curies":[{"name":"wp","href":"https:\/\/api.w.org\/{rel}","templated":true}]}}