{"id":453,"date":"2021-11-03T00:36:05","date_gmt":"2021-11-03T00:36:05","guid":{"rendered":"https:\/\/interwebgdl.com\/?page_id=453"},"modified":"2025-03-12T21:31:14","modified_gmt":"2025-03-12T21:31:14","slug":"contacto-paginas-web-guadalajara","status":"publish","type":"page","link":"https:\/\/interwebgdl.com\/?page_id=453","title":{"rendered":"CONTACTO"},"content":{"rendered":"<p>[et_pb_section fb_built=\u00bb1&#8243; fullwidth=\u00bbon\u00bb _builder_version=\u00bb4.16&#8243; _module_preset=\u00bbdefault\u00bb background_enable_image=\u00bboff\u00bb background_size=\u00bbinitial\u00bb bottom_divider_color=\u00bb#ffffff\u00bb locked=\u00bboff\u00bb global_colors_info=\u00bb{}\u00bb][et_pb_fullwidth_slider _builder_version=\u00bb4.16&#8243; _module_preset=\u00bbdefault\u00bb header_font=\u00bbRaleway|800|||||||\u00bb header_text_align=\u00bbcenter\u00bb header_font_size=\u00bb65px\u00bb header_line_height=\u00bb1.2em\u00bb header_font_size_tablet=\u00bb50px\u00bb header_font_size_phone=\u00bb37px\u00bb header_font_size_last_edited=\u00bbon|phone\u00bb header_text_shadow_style=\u00bbpreset4&#8243; header_text_shadow_color=\u00bb#313140&#8243; global_colors_info=\u00bb{}\u00bb][et_pb_slide heading=\u00bbCONT\u00c1CTENOS\u00bb use_bg_overlay=\u00bbon\u00bb bg_overlay_color=\u00bbrgba(31,40,40,0.24)\u00bb _builder_version=\u00bb4.16&#8243; _module_preset=\u00bbdefault\u00bb header_font_size=\u00bb78px\u00bb background_image=\u00bbhttps:\/\/interwebgdl.com\/wp-content\/uploads\/2021\/11\/banner-contacto.jpg\u00bb background_enable_image=\u00bbon\u00bb header_font_size_tablet=\u00bb47px\u00bb header_font_size_phone=\u00bb36px\u00bb header_font_size_last_edited=\u00bbon|phone\u00bb global_colors_info=\u00bb{}\u00bb sticky_transition=\u00bbon\u00bb][\/et_pb_slide][\/et_pb_fullwidth_slider][\/et_pb_section][et_pb_section fb_built=\u00bb1&#8243; _builder_version=\u00bb4.16&#8243; _module_preset=\u00bbdefault\u00bb background_color=\u00bb#f5f5f5&#8243; background_enable_image=\u00bboff\u00bb parallax=\u00bbon\u00bb custom_margin=\u00bb0px||||false|false\u00bb custom_margin_tablet=\u00bb\u00bb custom_margin_phone=\u00bb\u00bb custom_margin_last_edited=\u00bbon|tablet\u00bb custom_padding=\u00bb0px||0px||false|false\u00bb locked=\u00bboff\u00bb global_colors_info=\u00bb{}\u00bb][et_pb_row _builder_version=\u00bb4.16&#8243; _module_preset=\u00bbdefault\u00bb global_colors_info=\u00bb{}\u00bb][et_pb_column type=\u00bb4_4&#8243; _builder_version=\u00bb4.16&#8243; _module_preset=\u00bbdefault\u00bb global_colors_info=\u00bb{}\u00bb][et_pb_text _builder_version=\u00bb4.16&#8243; _module_preset=\u00bbdefault\u00bb text_font=\u00bbLato|500|||||||\u00bb text_text_color=\u00bb#313140&#8243; text_font_size=\u00bb25px\u00bb text_line_height=\u00bb1.3em\u00bb header_font=\u00bbRaleway||||||||\u00bb text_orientation=\u00bbjustified\u00bb text_font_size_tablet=\u00bb23px\u00bb text_font_size_phone=\u00bb14px\u00bb text_font_size_last_edited=\u00bbon|phone\u00bb global_colors_info=\u00bb{}\u00bb]<\/p>\n<p><span>\u00a1GENIAL! Estas a punto de generar mas clientes, con una p\u00e1gina web profesional para tu negocio o empresa, pregunta por alguno de nuestros paquetes de p\u00e1gina web, cont\u00e1ctanos mediante este formulario y enseguida atenderemos tu solicitud.<\/span><\/p>\n<p>[\/et_pb_text][\/et_pb_column][\/et_pb_row][\/et_pb_section][et_pb_section fb_built=\u00bb1&#8243; prev_background_color=\u00bb#f5f5f5&#8243; _builder_version=\u00bb4.16&#8243; _module_preset=\u00bbdefault\u00bb background_image=\u00bbhttps:\/\/interwebgdl.com\/wp-content\/uploads\/2021\/09\/fondo-beneficios.png\u00bb parallax=\u00bbon\u00bb parallax_method=\u00bboff\u00bb top_divider_style=\u00bbarrow\u00bb top_divider_height=\u00bb44px\u00bb global_colors_info=\u00bb{}\u00bb][et_pb_row _builder_version=\u00bb4.16&#8243; _module_preset=\u00bbdefault\u00bb width=\u00bb47%\u00bb global_colors_info=\u00bb{}\u00bb][et_pb_column type=\u00bb4_4&#8243; _builder_version=\u00bb4.16&#8243; _module_preset=\u00bbdefault\u00bb global_colors_info=\u00bb{}\u00bb][dipl_text_animator prefix_text=\u00bbContactanos para para m\u00e1s informaci\u00f3n\u00bb animated_text=\u00bbNos encantara trabajar contigo\u00bb _builder_version=\u00bb4.16&#8243; _module_preset=\u00bbdefault\u00bb global_text_settings_font=\u00bbLato|700|||||||\u00bb global_text_settings_text_align=\u00bbcenter\u00bb global_text_settings_font_size=\u00bb27px\u00bb pre_and_post_text_font=\u00bbLato|900|||||||\u00bb pre_and_post_text_text_color=\u00bb#666666&#8243; main_text_font=\u00bbLato|900|||||||\u00bb main_text_text_color=\u00bb#2CBFDF\u00bb locked=\u00bboff\u00bb global_colors_info=\u00bb{}\u00bb][\/dipl_text_animator][\/et_pb_column][\/et_pb_row][et_pb_row column_structure=\u00bb3_5,2_5&#8243; _builder_version=\u00bb4.16&#8243; _module_preset=\u00bbdefault\u00bb width=\u00bb90%\u00bb max_width=\u00bb1980px\u00bb global_colors_info=\u00bb{}\u00bb][et_pb_column type=\u00bb3_5&#8243; _builder_version=\u00bb4.16&#8243; _module_preset=\u00bbdefault\u00bb global_colors_info=\u00bb{}\u00bb][et_pb_contact_form use_spam_service=\u00bbon\u00bb recaptcha_list=\u00bbINTERWEBGDLCOM-0&#8243; email=\u00bbsgcarlos@interwebgdl.com\u00bb custom_message=\u00bbMensaje de contacto desde sitio web:||et_pb_line_break_holder||www.interwebgdl.com||et_pb_line_break_holder||||et_pb_line_break_holder||Nombre: %%nombre%%||et_pb_line_break_holder||Correo: %%email%%||et_pb_line_break_holder||Empresa: %%empresa%%||et_pb_line_break_holder||Tipo de Servicio: %%servicios%%||et_pb_line_break_holder||Mensaje: %%mensaje%%\u00bb success_message=\u00bb\u00a1 GRACIAS POR COMUNICARTE ! TE LLAMAREMOS MUY PRONTO\u00bb submit_button_text=\u00bbEnviar mensaje\u00bb _builder_version=\u00bb4.18.0&#8243; _module_preset=\u00bbdefault\u00bb _unique_id=\u00bb03221616-3a76-4de0-a8ea-a28c223163f5&#8243; form_field_background_color=\u00bb#ffffff\u00bb form_field_text_color=\u00bb#000000&#8243; form_field_custom_margin=\u00bb||8px||false|false\u00bb form_field_font=\u00bbLato||||||||\u00bb custom_button=\u00bbon\u00bb button_text_size=\u00bb18px\u00bb button_text_color=\u00bb#ffffff\u00bb button_bg_color=\u00bb#35d6d5&#8243; button_border_width=\u00bb1px\u00bb button_font=\u00bbLato|900|||||||\u00bb button_custom_margin=\u00bb12px||0px||false|false\u00bb button_custom_padding=\u00bb7px||7px||false|false\u00bb text_orientation=\u00bbleft\u00bb border_radii=\u00bbon|3px|3px|3px|3px\u00bb border_width_all=\u00bb1px\u00bb border_color_all=\u00bbrgba(51,51,51,0.25)\u00bb box_shadow_style=\u00bbpreset1&#8243; box_shadow_style_button=\u00bbpreset1&#8243; global_colors_info=\u00bb{}\u00bb][et_pb_contact_field field_id=\u00bbnombre\u00bb field_title=\u00bbNombre\u00bb _builder_version=\u00bb4.16&#8243; global_colors_info=\u00bb{}\u00bb button_text_size__hover_enabled=\u00bboff\u00bb button_one_text_size__hover_enabled=\u00bboff\u00bb button_two_text_size__hover_enabled=\u00bboff\u00bb button_text_color__hover_enabled=\u00bboff\u00bb button_one_text_color__hover_enabled=\u00bboff\u00bb button_two_text_color__hover_enabled=\u00bboff\u00bb button_border_width__hover_enabled=\u00bboff\u00bb button_one_border_width__hover_enabled=\u00bboff\u00bb button_two_border_width__hover_enabled=\u00bboff\u00bb button_border_color__hover_enabled=\u00bboff\u00bb button_one_border_color__hover_enabled=\u00bboff\u00bb button_two_border_color__hover_enabled=\u00bboff\u00bb button_border_radius__hover_enabled=\u00bboff\u00bb button_one_border_radius__hover_enabled=\u00bboff\u00bb button_two_border_radius__hover_enabled=\u00bboff\u00bb button_letter_spacing__hover_enabled=\u00bboff\u00bb button_one_letter_spacing__hover_enabled=\u00bboff\u00bb button_two_letter_spacing__hover_enabled=\u00bboff\u00bb button_bg_color__hover_enabled=\u00bboff\u00bb button_one_bg_color__hover_enabled=\u00bboff\u00bb button_two_bg_color__hover_enabled=\u00bboff\u00bb][\/et_pb_contact_field][et_pb_contact_field field_id=\u00bbemail\u00bb field_title=\u00bbDirecci\u00f3n de correo electr\u00f3nico\u00bb field_type=\u00bbemail\u00bb _builder_version=\u00bb4.16&#8243; global_colors_info=\u00bb{}\u00bb button_text_size__hover_enabled=\u00bboff\u00bb button_one_text_size__hover_enabled=\u00bboff\u00bb button_two_text_size__hover_enabled=\u00bboff\u00bb button_text_color__hover_enabled=\u00bboff\u00bb button_one_text_color__hover_enabled=\u00bboff\u00bb button_two_text_color__hover_enabled=\u00bboff\u00bb button_border_width__hover_enabled=\u00bboff\u00bb button_one_border_width__hover_enabled=\u00bboff\u00bb button_two_border_width__hover_enabled=\u00bboff\u00bb button_border_color__hover_enabled=\u00bboff\u00bb button_one_border_color__hover_enabled=\u00bboff\u00bb button_two_border_color__hover_enabled=\u00bboff\u00bb button_border_radius__hover_enabled=\u00bboff\u00bb button_one_border_radius__hover_enabled=\u00bboff\u00bb button_two_border_radius__hover_enabled=\u00bboff\u00bb button_letter_spacing__hover_enabled=\u00bboff\u00bb button_one_letter_spacing__hover_enabled=\u00bboff\u00bb button_two_letter_spacing__hover_enabled=\u00bboff\u00bb button_bg_color__hover_enabled=\u00bboff\u00bb button_one_bg_color__hover_enabled=\u00bboff\u00bb button_two_bg_color__hover_enabled=\u00bboff\u00bb][\/et_pb_contact_field][et_pb_contact_field field_id=\u00bbempresa\u00bb field_title=\u00bbNombre de Empresa\u00bb fullwidth_field=\u00bbon\u00bb _builder_version=\u00bb4.16&#8243; _module_preset=\u00bbdefault\u00bb global_colors_info=\u00bb{}\u00bb][\/et_pb_contact_field][et_pb_contact_field field_id=\u00bbservicios\u00bb field_title=\u00bbSeleciona el servicio de tu interes\u00bb field_type=\u00bbselect\u00bb select_options=\u00bb%91{%22value%22:%22P\u00e1gina web profesional%22,%22checked%22:0,%22dragID%22:-1},{%22value%22:%22Pagina web profesional con cat\u00e1logo%22,%22checked%22:0,%22dragID%22:0},{%22value%22:%22Tienda en linea%22,%22checked%22:0,%22dragID%22:1},{%22value%22:%22Desarrollo de APPS%22,%22checked%22:0,%22dragID%22:2},{%22value%22:%22Publicidad por Google ads%22,%22checked%22:0,%22dragID%22:3},{%22value%22:%22Posicionamiento en Google SEO%22,%22checked%22:0,%22dragID%22:4}%93&#8243; fullwidth_field=\u00bbon\u00bb _builder_version=\u00bb4.18.0&#8243; _module_preset=\u00bbdefault\u00bb global_colors_info=\u00bb{}\u00bb][\/et_pb_contact_field][et_pb_contact_field field_id=\u00bbmensaje\u00bb field_title=\u00bbCu\u00e9ntanos sobre  tu proyecto\u00bb field_type=\u00bbtext\u00bb fullwidth_field=\u00bbon\u00bb _builder_version=\u00bb4.18.0&#8243; global_colors_info=\u00bb{}\u00bb button_text_size__hover_enabled=\u00bboff\u00bb button_one_text_size__hover_enabled=\u00bboff\u00bb button_two_text_size__hover_enabled=\u00bboff\u00bb button_text_color__hover_enabled=\u00bboff\u00bb button_one_text_color__hover_enabled=\u00bboff\u00bb button_two_text_color__hover_enabled=\u00bboff\u00bb button_border_width__hover_enabled=\u00bboff\u00bb button_one_border_width__hover_enabled=\u00bboff\u00bb button_two_border_width__hover_enabled=\u00bboff\u00bb button_border_color__hover_enabled=\u00bboff\u00bb button_one_border_color__hover_enabled=\u00bboff\u00bb button_two_border_color__hover_enabled=\u00bboff\u00bb button_border_radius__hover_enabled=\u00bboff\u00bb button_one_border_radius__hover_enabled=\u00bboff\u00bb button_two_border_radius__hover_enabled=\u00bboff\u00bb button_letter_spacing__hover_enabled=\u00bboff\u00bb button_one_letter_spacing__hover_enabled=\u00bboff\u00bb button_two_letter_spacing__hover_enabled=\u00bboff\u00bb button_bg_color__hover_enabled=\u00bboff\u00bb button_one_bg_color__hover_enabled=\u00bboff\u00bb button_two_bg_color__hover_enabled=\u00bboff\u00bb][\/et_pb_contact_field][\/et_pb_contact_form][\/et_pb_column][et_pb_column type=\u00bb2_5&#8243; _builder_version=\u00bb4.16&#8243; _module_preset=\u00bbdefault\u00bb custom_padding=\u00bb30px|10px|30px|10px|false|false\u00bb border_width_all=\u00bb1px\u00bb border_color_all=\u00bbrgba(102,102,102,0.36)\u00bb global_colors_info=\u00bb{}\u00bb][et_pb_text _builder_version=\u00bb4.16&#8243; _module_preset=\u00bbdefault\u00bb text_font=\u00bbLato|900|||||||\u00bb text_text_color=\u00bb66666&#8243; text_font_size=\u00bb20px\u00bb global_colors_info=\u00bb{}\u00bb]<\/p>\n<p>Contacto<\/p>\n<p>[\/et_pb_text][et_pb_divider color=\u00bb#35d6d5&#8243; divider_weight=\u00bb3px\u00bb _builder_version=\u00bb4.16&#8243; _module_preset=\u00bbdefault\u00bb width=\u00bb32%\u00bb custom_margin=\u00bb-19px||-1px||false|false\u00bb custom_padding=\u00bb||1px||false|false\u00bb global_colors_info=\u00bb{}\u00bb][\/et_pb_divider][et_pb_blurb title=\u00bbCalle 16 de Septiembre No.436 Colonia.Unidad Republica, Zapopan Jalisco\u00bb use_icon=\u00bbon\u00bb font_icon=\u00bb&#xe081;||divi||400&#8243; icon_color=\u00bb#35d6d5&#8243; icon_placement=\u00bbleft\u00bb image_icon_width=\u00bb33px\u00bb _builder_version=\u00bb4.16&#8243; _module_preset=\u00bbdefault\u00bb header_font=\u00bbLato||||||||\u00bb header_text_color=\u00bb#666666&#8243; header_font_size=\u00bb17px\u00bb custom_margin=\u00bb||18px|||\u00bb icon_font_size=\u00bb33px\u00bb global_colors_info=\u00bb{}\u00bb][\/et_pb_blurb][et_pb_divider color=\u00bb66666&#8243; _builder_version=\u00bb4.16&#8243; _module_preset=\u00bbdefault\u00bb custom_margin=\u00bb||21px|||\u00bb global_colors_info=\u00bb{}\u00bb][\/et_pb_divider][et_pb_blurb title=\u00bb33 1399 0710&#8243; use_icon=\u00bbon\u00bb font_icon=\u00bb&#xe090;||divi||400&#8243; icon_color=\u00bb#35d6d5&#8243; icon_placement=\u00bbleft\u00bb image_icon_width=\u00bb33px\u00bb _builder_version=\u00bb4.16&#8243; _module_preset=\u00bbdefault\u00bb header_font=\u00bbLato||||||||\u00bb header_text_color=\u00bb#666666&#8243; header_font_size=\u00bb17px\u00bb header_line_height=\u00bb1.8em\u00bb custom_margin=\u00bb||12px|||\u00bb icon_font_size=\u00bb33px\u00bb global_colors_info=\u00bb{}\u00bb][\/et_pb_blurb][et_pb_divider color=\u00bb66666&#8243; _builder_version=\u00bb4.16&#8243; _module_preset=\u00bbdefault\u00bb custom_margin=\u00bb||18px|||\u00bb global_colors_info=\u00bb{}\u00bb][\/et_pb_divider][et_pb_blurb title=\u00bbsgcarlos@interwebgdl.com\u00bb url=\u00bbmailto:sgcarlos@interwebgdl.com\u00bb use_icon=\u00bbon\u00bb font_icon=\u00bb&#xe076;||divi||400&#8243; icon_color=\u00bb#35d6d5&#8243; icon_placement=\u00bbleft\u00bb image_icon_width=\u00bb33px\u00bb _builder_version=\u00bb4.24.2&#8243; _module_preset=\u00bbdefault\u00bb header_font=\u00bbLato||||||||\u00bb header_text_color=\u00bb#666666&#8243; header_font_size=\u00bb17px\u00bb header_line_height=\u00bb1.5em\u00bb icon_font_size=\u00bb33px\u00bb global_colors_info=\u00bb{}\u00bb][\/et_pb_blurb][\/et_pb_column][\/et_pb_row][\/et_pb_section][et_pb_section fb_built=\u00bb1&#8243; _builder_version=\u00bb4.16&#8243; _module_preset=\u00bbdefault\u00bb custom_margin=\u00bb-1px||-1px||false|false\u00bb custom_padding=\u00bb0px||0px||false|false\u00bb locked=\u00bboff\u00bb global_colors_info=\u00bb{}\u00bb][et_pb_row _builder_version=\u00bb4.16&#8243; _module_preset=\u00bbdefault\u00bb width=\u00bb100%\u00bb max_width=\u00bb1980px\u00bb custom_margin=\u00bb-1px||-1px||false|false\u00bb custom_padding=\u00bb0px||0px||false|false\u00bb global_colors_info=\u00bb{}\u00bb][et_pb_column type=\u00bb4_4&#8243; _builder_version=\u00bb4.16&#8243; _module_preset=\u00bbdefault\u00bb global_colors_info=\u00bb{}\u00bb][et_pb_code _builder_version=\u00bb4.16&#8243; _module_preset=\u00bbdefault\u00bb global_colors_info=\u00bb{}\u00bb]<iframe src=\"https:\/\/www.google.com\/maps\/d\/embed?mid=16k_D0MII3Bt0De2gjotrL2eAiMxvZ8A1\" <!-- [et_pb_line_break_holder] -->    width=\u00bb100%\u00bb height=\u00bb480&#8243;><\/iframe> [\/et_pb_code][\/et_pb_column][\/et_pb_row][\/et_pb_section]<\/p>\n","protected":false},"excerpt":{"rendered":"<p>\u00a1GENIAL! Estas a punto de generar mas clientes, con una p\u00e1gina web profesional para tu negocio o empresa, pregunta por alguno de nuestros paquetes de p\u00e1gina web, cont\u00e1ctanos mediante este formulario y enseguida atenderemos tu solicitud.<div class=\"et_pb_module dipl_text_animator dipl_text_animator_0\">\n\t\t\t\t\n\t\t\t\t\n\t\t\t\t\n\t\t\t\t\n\t\t\t\t\n\t\t\t\t\n\t\t\t\t<div class=\"et_pb_module_inner\">\n\t\t\t\t\t<div class=\"animated_text_wrapper dipl-fade\">\n\t\t\t\t<h2>\n\t\t\t\t<span class=\"pre_text_wrapper dipl_pre_post\">\u00bbContactanos<\/span>\n\t\t\t\t<span\n\t\t\t\t\t\t\t\t     class=\"animated_text dipl_main_part\" \n\t\t\t\t\t\t\t\t     data-wait-time=\"2000\"\n\t\t\t\t\t\t\t\t     data-animation-time=\"500\"\n\t\t\t\t\t\t\t\t     data-text=\"\u00bbNos\"\n\t\t\t\t\t\t\t\t     data-stop-animation-on-hover=\"off\"\n\t\t\t\t\t\t\t\t     >\u00bbNos<\/span>\n\t\t\t\t\n\t\t\t\t<\/h2>\n\t\t\t<\/div>\n\t\t\t\t<\/div>\n\t\t\t<\/div><\/p>\n","protected":false},"author":3,"featured_media":0,"parent":0,"menu_order":0,"comment_status":"closed","ping_status":"closed","template":"","meta":{"_et_pb_use_builder":"on","_et_pb_old_content":"","_et_gb_content_width":"","footnotes":""},"class_list":["post-453","page","type-page","status-publish","hentry"],"yoast_head":"<!-- This site is optimized with the Yoast SEO plugin v27.5 - https:\/\/yoast.com\/product\/yoast-seo-wordpress\/ -->\n<title>Empresas de p\u00e1ginas web en Guadalajara Tel. 33 1399 0710<\/title>\n<meta name=\"description\" content=\"Empresas de dise\u00f1o de p\u00e1gina web en Guadalajara Jalisco, Tel. 33 1399 0710, publicidad por internet, google ads\" \/>\n<meta name=\"robots\" content=\"index, follow, max-snippet:-1, max-image-preview:large, max-video-preview:-1\" \/>\n<link rel=\"canonical\" href=\"https:\/\/interwebgdl.com\/contacto-paginas-web-guadalajara\/\" \/>\n<meta property=\"og:locale\" content=\"es_ES\" \/>\n<meta property=\"og:type\" content=\"article\" \/>\n<meta property=\"og:title\" content=\"Empresas de p\u00e1ginas web en Guadalajara Tel. 33 1399 0710\" \/>\n<meta property=\"og:description\" content=\"Empresas de dise\u00f1o de p\u00e1gina web en Guadalajara Jalisco, Tel. 33 1399 0710, publicidad por internet, google ads\" \/>\n<meta property=\"og:url\" content=\"https:\/\/interwebgdl.com\/contacto-paginas-web-guadalajara\/\" \/>\n<meta property=\"og:site_name\" content=\"InterWebGDL\" \/>\n<meta property=\"article:modified_time\" content=\"2025-03-12T21:31:14+00:00\" \/>\n<meta name=\"twitter:card\" content=\"summary_large_image\" \/>\n<meta name=\"twitter:label1\" content=\"Tiempo de lectura\" \/>\n\t<meta name=\"twitter:data1\" content=\"2 minutos\" \/>\n<script type=\"application\/ld+json\" class=\"yoast-schema-graph\">{\"@context\":\"https:\\\/\\\/schema.org\",\"@graph\":[{\"@type\":\"WebPage\",\"@id\":\"https:\\\/\\\/interwebgdl.com\\\/contacto-paginas-web-guadalajara\\\/\",\"url\":\"https:\\\/\\\/interwebgdl.com\\\/contacto-paginas-web-guadalajara\\\/\",\"name\":\"Empresas de p\u00e1ginas web en Guadalajara Tel. 33 1399 0710\",\"isPartOf\":{\"@id\":\"https:\\\/\\\/interwebgdl.com\\\/#website\"},\"datePublished\":\"2021-11-03T00:36:05+00:00\",\"dateModified\":\"2025-03-12T21:31:14+00:00\",\"description\":\"Empresas de dise\u00f1o de p\u00e1gina web en Guadalajara Jalisco, Tel. 33 1399 0710, publicidad por internet, google ads\",\"breadcrumb\":{\"@id\":\"https:\\\/\\\/interwebgdl.com\\\/contacto-paginas-web-guadalajara\\\/#breadcrumb\"},\"inLanguage\":\"es\",\"potentialAction\":[{\"@type\":\"ReadAction\",\"target\":[\"https:\\\/\\\/interwebgdl.com\\\/contacto-paginas-web-guadalajara\\\/\"]}]},{\"@type\":\"BreadcrumbList\",\"@id\":\"https:\\\/\\\/interwebgdl.com\\\/contacto-paginas-web-guadalajara\\\/#breadcrumb\",\"itemListElement\":[{\"@type\":\"ListItem\",\"position\":1,\"name\":\"Portada\",\"item\":\"https:\\\/\\\/interwebgdl.com\\\/\"},{\"@type\":\"ListItem\",\"position\":2,\"name\":\"CONTACTO\"}]},{\"@type\":\"WebSite\",\"@id\":\"https:\\\/\\\/interwebgdl.com\\\/#website\",\"url\":\"https:\\\/\\\/interwebgdl.com\\\/\",\"name\":\"InterWebGDL\",\"description\":\"Desarrollo Web &amp; Marketing\",\"potentialAction\":[{\"@type\":\"SearchAction\",\"target\":{\"@type\":\"EntryPoint\",\"urlTemplate\":\"https:\\\/\\\/interwebgdl.com\\\/?s={search_term_string}\"},\"query-input\":{\"@type\":\"PropertyValueSpecification\",\"valueRequired\":true,\"valueName\":\"search_term_string\"}}],\"inLanguage\":\"es\"}]}<\/script>\n<!-- \/ Yoast SEO plugin. -->","yoast_head_json":{"title":"Empresas de p\u00e1ginas web en Guadalajara Tel. 33 1399 0710","description":"Empresas de dise\u00f1o de p\u00e1gina web en Guadalajara Jalisco, Tel. 33 1399 0710, publicidad por internet, google ads","robots":{"index":"index","follow":"follow","max-snippet":"max-snippet:-1","max-image-preview":"max-image-preview:large","max-video-preview":"max-video-preview:-1"},"canonical":"https:\/\/interwebgdl.com\/contacto-paginas-web-guadalajara\/","og_locale":"es_ES","og_type":"article","og_title":"Empresas de p\u00e1ginas web en Guadalajara Tel. 33 1399 0710","og_description":"Empresas de dise\u00f1o de p\u00e1gina web en Guadalajara Jalisco, Tel. 33 1399 0710, publicidad por internet, google ads","og_url":"https:\/\/interwebgdl.com\/contacto-paginas-web-guadalajara\/","og_site_name":"InterWebGDL","article_modified_time":"2025-03-12T21:31:14+00:00","twitter_card":"summary_large_image","twitter_misc":{"Tiempo de lectura":"2 minutos"},"schema":{"@context":"https:\/\/schema.org","@graph":[{"@type":"WebPage","@id":"https:\/\/interwebgdl.com\/contacto-paginas-web-guadalajara\/","url":"https:\/\/interwebgdl.com\/contacto-paginas-web-guadalajara\/","name":"Empresas de p\u00e1ginas web en Guadalajara Tel. 33 1399 0710","isPartOf":{"@id":"https:\/\/interwebgdl.com\/#website"},"datePublished":"2021-11-03T00:36:05+00:00","dateModified":"2025-03-12T21:31:14+00:00","description":"Empresas de dise\u00f1o de p\u00e1gina web en Guadalajara Jalisco, Tel. 33 1399 0710, publicidad por internet, google ads","breadcrumb":{"@id":"https:\/\/interwebgdl.com\/contacto-paginas-web-guadalajara\/#breadcrumb"},"inLanguage":"es","potentialAction":[{"@type":"ReadAction","target":["https:\/\/interwebgdl.com\/contacto-paginas-web-guadalajara\/"]}]},{"@type":"BreadcrumbList","@id":"https:\/\/interwebgdl.com\/contacto-paginas-web-guadalajara\/#breadcrumb","itemListElement":[{"@type":"ListItem","position":1,"name":"Portada","item":"https:\/\/interwebgdl.com\/"},{"@type":"ListItem","position":2,"name":"CONTACTO"}]},{"@type":"WebSite","@id":"https:\/\/interwebgdl.com\/#website","url":"https:\/\/interwebgdl.com\/","name":"InterWebGDL","description":"Desarrollo Web &amp; Marketing","potentialAction":[{"@type":"SearchAction","target":{"@type":"EntryPoint","urlTemplate":"https:\/\/interwebgdl.com\/?s={search_term_string}"},"query-input":{"@type":"PropertyValueSpecification","valueRequired":true,"valueName":"search_term_string"}}],"inLanguage":"es"}]}},"_links":{"self":[{"href":"https:\/\/interwebgdl.com\/index.php?rest_route=\/wp\/v2\/pages\/453","targetHints":{"allow":["GET"]}}],"collection":[{"href":"https:\/\/interwebgdl.com\/index.php?rest_route=\/wp\/v2\/pages"}],"about":[{"href":"https:\/\/interwebgdl.com\/index.php?rest_route=\/wp\/v2\/types\/page"}],"author":[{"embeddable":true,"href":"https:\/\/interwebgdl.com\/index.php?rest_route=\/wp\/v2\/users\/3"}],"replies":[{"embeddable":true,"href":"https:\/\/interwebgdl.com\/index.php?rest_route=%2Fwp%2Fv2%2Fcomments&post=453"}],"version-history":[{"count":13,"href":"https:\/\/interwebgdl.com\/index.php?rest_route=\/wp\/v2\/pages\/453\/revisions"}],"predecessor-version":[{"id":1558,"href":"https:\/\/interwebgdl.com\/index.php?rest_route=\/wp\/v2\/pages\/453\/revisions\/1558"}],"wp:attachment":[{"href":"https:\/\/interwebgdl.com\/index.php?rest_route=%2Fwp%2Fv2%2Fmedia&parent=453"}],"curies":[{"name":"wp","href":"https:\/\/api.w.org\/{rel}","templated":true}]}}